{"id":1380,"date":"2023-05-15T14:35:29","date_gmt":"2023-05-15T12:35:29","guid":{"rendered":"https:\/\/lessurvenues.com\/?page_id=1380"},"modified":"2025-03-22T12:06:22","modified_gmt":"2025-03-22T11:06:22","slug":"stages-et-ateliers","status":"publish","type":"page","link":"https:\/\/lessurvenues.com\/es\/stages-et-ateliers\/","title":{"rendered":"Talleres y Encuentros"},"content":{"rendered":"<div style=\"height:59px\" aria-hidden=\"true\" class=\"wp-block-spacer\"><\/div>\n\n\n\n<h3 class=\"wp-block-heading has-text-align-left has-primary-color has-text-color has-link-color wp-elements-6ad562b8c50ffc0c4263ee80c4d3800b\">\u00c0 venir <br><\/h3>\n\n\n\n<h4 class=\"wp-block-heading has-text-align-left\">2025<\/h4>\n\n\n\n<ul class=\"wp-block-list\">\n<li><strong>F\u00e9vrier, Avril, Juin &#8211; Orl\u00e9ans, France &#8211; La Polyphonie de la Loire<\/strong><\/li>\n\n\n\n<li><strong>Mai &#8211; Tours, France &#8211; L&rsquo;Art de la R\u00e9ponse <\/strong><\/li>\n<\/ul>\n\n\n\n<div class=\"wp-block-group alignfull\" style=\"margin-top:0px;margin-bottom:0px;padding-top:var(--wp--preset--spacing--80);padding-right:var(--wp--preset--spacing--80);padding-bottom:var(--wp--preset--spacing--80);padding-left:var(--wp--preset--spacing--80)\"><div class=\"wp-block-group__inner-container is-layout-constrained wp-container-core-group-is-layout-4a3b34f0 wp-block-group-is-layout-constrained\">\n<h3 class=\"wp-block-heading\">Stages et Rencontres Pr\u00e9cedents <\/h3>\n\n\n\n<h4 class=\"wp-block-heading\">2024<\/h4>\n\n\n\n<ul class=\"wp-block-list\">\n<li>Juillet 6\/10 &#8211; Pithiviers, France &#8211; Escale Estivale (Avec C.S.M. Terre en Couleurs)<\/li>\n\n\n\n<li>Novembre &#8211; Orl\u00e9ans, France &#8211; <a href=\"https:\/\/lessurvenues.com\/es\/2023\/10\/05\/atelier-de-lecture-theatrale-au-bouillon-orleans\/\" data-type=\"link\" data-id=\"https:\/\/lessurvenues.com\/2023\/10\/05\/atelier-de-lecture-theatrale-au-bouillon-orleans\/\"><span style=\"text-decoration: underline;\">Atelier de Lecture Th\u00e9\u00e2trale, Universit\u00e9 d&rsquo;Orl\u00e9ans<\/span><\/a><\/li>\n\n\n\n<li>Mars 12 &#8211; Blanc Mesnil &#8211; France &#8211; L&rsquo;Art de la R\u00e9ponse (Lyc\u00e9e Jean Moulin)<\/li>\n<\/ul>\n\n\n\n<h4 class=\"wp-block-heading\">2023<\/h4>\n\n\n\n<ul class=\"wp-block-list\">\n<li>Octobre \/ Novembre &#8211; Orl\u00e9ans, France &#8211; <a href=\"https:\/\/lessurvenues.com\/es\/2023\/10\/05\/atelier-de-lecture-theatrale-au-bouillon-orleans\/\" data-type=\"link\" data-id=\"https:\/\/lessurvenues.com\/2023\/10\/05\/atelier-de-lecture-theatrale-au-bouillon-orleans\/\"><span style=\"text-decoration: underline;\">Atelier de Lecture Th\u00e9\u00e2trale, Universit\u00e9 d&rsquo;Orl\u00e9ans<\/span><\/a><\/li>\n\n\n\n<li>Juillet 14,15 &#8211; Bogot\u00e1, Colombie &#8211; Laboratoire <span style=\"text-decoration: underline;\"><a href=\"https:\/\/lessurvenues.com\/es\/2023\/07\/12\/laboratorio-cantos-brujos\/\" data-type=\"URL\" data-id=\"https:\/\/lessurvenues.com\/2023\/07\/12\/laboratorio-cantos-brujos\/\">\u00ab\u00a0Cantos Brujos\u00a0\u00bb (deuxi\u00e8me cycle<\/a>)<\/span><\/li>\n\n\n\n<li>Juillet 8,9 &#8211; Bogot\u00e1, Colombie &#8211; Stage <a href=\"https:\/\/lessurvenues.com\/es\/2023\/05\/15\/c-a-n-t-a-laboratoire-de-creation-a-bogota-colombie\/\" data-type=\"post\" data-id=\"1405\"><span style=\"text-decoration: underline;\">Chants en germination cr\u00e9ative<\/span><\/a><\/li>\n\n\n\n<li>Marzo 5 - Toulouse, Francia - Taller <span style=\"text-decoration: underline;\"><a href=\"https:\/\/lessurvenues.com\/es\/2023\/04\/08\/nouvelle-seance-de-latelier-le-corps-qui-chante-a-toulouse-france\/\" target=\"_blank\" rel=\"noreferrer noopener\">\u00ab\u00a0Le Corps qui chante\u00a0\u00bb<\/a><\/span><\/li>\n<\/ul>\n\n\n\n<h4 class=\"wp-block-heading\">2022<\/h4>\n\n\n\n<ul class=\"wp-block-list\">\n<li>Novembre 26, D\u00e9cembre 3 &#8211; Bogot\u00e1, Colombie -Stage <a href=\"https:\/\/lessurvenues.com\/es\/2022\/10\/29\/c-a-n-t-a\/\" target=\"_blank\" rel=\"noreferrer noopener\"><span style=\"text-decoration: underline;\">\u00ab\u00a0CANTA\u00a0\u00bb<\/span><\/a><\/li>\n\n\n\n<li>Septiembre 25 - Toulouse, Francia - Taller <a href=\"https:\/\/lessurvenues.com\/es\/2022\/09\/21\/atelier-le-corps-qui-chante-a-toulouse-france\/\" target=\"_blank\" rel=\"noreferrer noopener\"><span style=\"text-decoration: underline;\">\u00ab\u00a0Le Corps qui chante\u00a0\u00bb<\/span><\/a><\/li>\n\n\n\n<li>Mai 19-22 &#8211; Bogot\u00e1, Colombie &#8211; Stage <span style=\"text-decoration: underline;\"><a href=\"https:\/\/lessurvenues.com\/es\/2022\/04\/24\/workshop-de-canto-en-bogota-opera-de-colombia\/\" target=\"_blank\" rel=\"noreferrer noopener\">\u00ab\u00a0Le chant et l&rsquo;imagination\u00a0\u00bb<\/a><\/span><\/li>\n<\/ul>\n<\/div><\/div>","protected":false},"excerpt":{"rendered":"<p>\u00c0 venir 2025 Stages et Rencontres Pr\u00e9cedents 2024 2023 2022<\/p>","protected":false},"author":216920472,"featured_media":0,"parent":0,"menu_order":0,"comment_status":"closed","ping_status":"closed","template":"","meta":{"_crdt_document":"","advanced_seo_description":"","jetpack_seo_html_title":"","jetpack_seo_noindex":false,"jetpack_post_was_ever_published":false,"footnotes":""},"class_list":["post-1380","page","type-page","status-publish","hentry","entry"],"jetpack_likes_enabled":false,"jetpack_sharing_enabled":true,"jetpack_shortlink":"https:\/\/wp.me\/PdHTHc-mg","jetpack-related-posts":[],"amp_enabled":false,"_links":{"self":[{"href":"https:\/\/lessurvenues.com\/es\/wp-json\/wp\/v2\/pages\/1380","targetHints":{"allow":["GET"]}}],"collection":[{"href":"https:\/\/lessurvenues.com\/es\/wp-json\/wp\/v2\/pages"}],"about":[{"href":"https:\/\/lessurvenues.com\/es\/wp-json\/wp\/v2\/types\/page"}],"author":[{"embeddable":true,"href":"https:\/\/lessurvenues.com\/es\/wp-json\/wp\/v2\/users\/216920472"}],"replies":[{"embeddable":true,"href":"https:\/\/lessurvenues.com\/es\/wp-json\/wp\/v2\/comments?post=1380"}],"version-history":[{"count":73,"href":"https:\/\/lessurvenues.com\/es\/wp-json\/wp\/v2\/pages\/1380\/revisions"}],"predecessor-version":[{"id":2382,"href":"https:\/\/lessurvenues.com\/es\/wp-json\/wp\/v2\/pages\/1380\/revisions\/2382"}],"wp:attachment":[{"href":"https:\/\/lessurvenues.com\/es\/wp-json\/wp\/v2\/media?parent=1380"}],"curies":[{"name":"wp","href":"https:\/\/api.w.org\/{rel}","templated":true}]}}